{"id":209,"date":"2025-07-11T10:54:45","date_gmt":"2025-07-11T10:54:45","guid":{"rendered":"https:\/\/jakalum.ma\/?page_id=209"},"modified":"2025-09-01T09:25:05","modified_gmt":"2025-09-01T09:25:05","slug":"persianas-enrollables","status":"publish","type":"page","link":"https:\/\/jakalum.ma\/es\/persianas-enrollables\/","title":{"rendered":"Voulet Roulants"},"content":{"rendered":"<div id=\"services\"  data-column-margin=\"20px\" data-midnight=\"dark\" data-top-percent=\"4%\" data-bottom-percent=\"4%\"  class=\"wpb_row vc_row-fluid vc_row full-width-content vc_row-o-equal-height vc_row-flex vc_row-o-content-middle\"  style=\"padding-top: calc(100vw * 0.04); padding-bottom: calc(100vw * 0.04); \"><div class=\"row-bg-wrap\" data-bg-animation=\"none\" data-bg-animation-delay=\"\" data-bg-overlay=\"false\"><div class=\"inner-wrap row-bg-layer\" ><div class=\"row-bg viewport-desktop\"  style=\"\"><\/div><\/div><\/div><div class=\"row_col_wrap_12 col span_12 dark left\">\n\t<div style=\"margin-top: 20px; margin-bottom: 20px; \" class=\"vc_col-sm-12 wpb_column column_container vc_column_container col no-extra-padding inherit_tablet inherit_phone\"  data-padding-pos=\"all\" data-has-bg-color=\"false\" data-bg-color=\"\" data-bg-opacity=\"1\" data-animation=\"\" data-delay=\"0\" >\n\t\t<div class=\"vc_column-inner\" >\n\t\t\t<div class=\"wpb_wrapper\">\n\t\t\t\t<div class=\"img-with-aniamtion-wrap center custom-width-150px\" data-max-width=\"custom\" data-max-width-mobile=\"default\" data-shadow=\"none\" data-animation=\"none\" >\n      <div class=\"inner\">\n        <div class=\"hover-wrap\"> \n          <div class=\"hover-wrap-inner\">\n            <img loading=\"lazy\" decoding=\"async\" class=\"img-with-animation skip-lazy\" data-delay=\"0\" height=\"257\" width=\"595\" data-animation=\"none\" src=\"https:\/\/jakalum.ma\/wp-content\/uploads\/2025\/08\/spinnelle.png\" alt=\"\" srcset=\"https:\/\/jakalum.ma\/wp-content\/uploads\/2025\/08\/spinnelle.png 595w, https:\/\/jakalum.ma\/wp-content\/uploads\/2025\/08\/spinnelle-300x130.png 300w\" sizes=\"auto, (max-width: 595px) 100vw, 595px\" \/>\n          <\/div>\n        <\/div>\n      <\/div>\n    <\/div><div class=\"divider-wrap\" data-alignment=\"default\"><div style=\"height: 20px;\" class=\"divider\"><\/div><\/div>\n<div class=\"wpb_text_column wpb_content_element\" >\n\t<div class=\"wpb_wrapper\">\n\t\t<p style=\"text-align: center;\" data-start=\"63\" data-end=\"377\"><strong data-start=\"63\" data-end=\"112\">Persianas enrollables de aluminio - Casablanca, Marruecos<\/strong><br data-start=\"112\" data-end=\"115\" \/>En Casablanca, las persianas de aluminio son una soluci\u00f3n moderna y eficaz para proteger su vivienda. Dise\u00f1adas para resistir a la intemperie, a los intrusos y a la luz solar excesiva, combinan seguridad, confort y est\u00e9tica.<\/p>\n<p style=\"text-align: center;\" data-start=\"379\" data-end=\"649\">Fabricadas con materiales de alta gama, estas contraventanas garantizan una excelente durabilidad y requieren poco mantenimiento. Elegantes y funcionales, se integran perfectamente en todo tipo de arquitectura, tanto en obra nueva como en rehabilitaci\u00f3n.<\/p>\n\t<\/div>\n<\/div>\n\n\n\n<div class=\"divider-wrap\" data-alignment=\"default\"><div style=\"height: 20px;\" class=\"divider\"><\/div><\/div>\n\t\t\t<\/div> \n\t\t<\/div>\n\t<\/div> \n<\/div><\/div>\n\t\t<div id=\"fws_69ed103478307\"  data-column-margin=\"default\" data-midnight=\"dark\"  class=\"wpb_row vc_row-fluid vc_row\"  style=\"padding-top: 0px; padding-bottom: 0px; \"><div class=\"row-bg-wrap\" data-bg-animation=\"none\" data-bg-animation-delay=\"\" data-bg-overlay=\"false\"><div class=\"inner-wrap row-bg-layer\" ><div class=\"row-bg viewport-desktop\"  style=\"\"><\/div><\/div><\/div><div class=\"row_col_wrap_12 col span_12 dark left\">\n\t<div  class=\"vc_col-sm-3 wpb_column column_container vc_column_container col no-extra-padding inherit_tablet inherit_phone\"  data-padding-pos=\"all\" data-has-bg-color=\"false\" data-bg-color=\"\" data-bg-opacity=\"1\" data-animation=\"\" data-delay=\"0\" >\n\t\t<div class=\"vc_column-inner\" >\n\t\t\t<div class=\"wpb_wrapper\">\n\t\t\t\t<div class=\"nectar-fancy-box using-img\" style=\"min-height: 350px\" data-style=\"hover_desc\" data-border-radius=\"default\" data-animation=\"\" data-bg-animation=\"none\" data-border=\"\" data-delay=\"\" data-alignment=\"left\" data-color=\"accent-color\" ><div class=\"box-bg\" role=\"presentation\"  data-nectar-img-src=\"https:\/\/jakalum.ma\/wp-content\/uploads\/2025\/08\/30-768x768-1-2.jpg\"><\/div><div class=\"inner\"><div class=\"heading-wrap\">\n<h3>Alumousse Plat 44<\/h3>\n<div class=\"wpb_text_column wpb_content_element\">\n<div class=\"wpb_wrapper\"><\/div>\n<\/div>\n<\/div><div class=\"hover-content\">PERSIANAS ENROLLABLES<\/div><\/div>  <a  href=\"https:\/\/jakalum.ma\/es\/alumousse-plat-44\/\" class=\"box-link\"><\/a> <\/div>\n\t\t\t<\/div> \n\t\t<\/div>\n\t<\/div> \n\n\t<div  class=\"vc_col-sm-3 wpb_column column_container vc_column_container col no-extra-padding inherit_tablet inherit_phone\"  data-padding-pos=\"all\" data-has-bg-color=\"false\" data-bg-color=\"\" data-bg-opacity=\"1\" data-animation=\"\" data-delay=\"0\" >\n\t\t<div class=\"vc_column-inner\" >\n\t\t\t<div class=\"wpb_wrapper\">\n\t\t\t\t<div class=\"nectar-fancy-box using-img\" style=\"min-height: 350px\" data-style=\"hover_desc\" data-border-radius=\"default\" data-animation=\"\" data-bg-animation=\"none\" data-border=\"\" data-delay=\"\" data-alignment=\"left\" data-color=\"accent-color\" ><div class=\"box-bg\" role=\"presentation\"  data-nectar-img-src=\"https:\/\/jakalum.ma\/wp-content\/uploads\/2025\/08\/11-768x768-1-1.jpg\"><\/div><div class=\"inner\"><div class=\"heading-wrap\">\n<h3>Bomba de aluminio 55<\/h3>\n<\/div><div class=\"hover-content\">PERSIANAS ENROLLABLES<\/div><\/div>  <a  href=\"https:\/\/jakalum.ma\/es\/bomba-alumousse-55\/\" class=\"box-link\"><\/a> <\/div>\n\t\t\t<\/div> \n\t\t<\/div>\n\t<\/div> \n\n\t<div  class=\"vc_col-sm-3 wpb_column column_container vc_column_container col no-extra-padding inherit_tablet inherit_phone\"  data-padding-pos=\"all\" data-has-bg-color=\"false\" data-bg-color=\"\" data-bg-opacity=\"1\" data-animation=\"\" data-delay=\"0\" >\n\t\t<div class=\"vc_column-inner\" >\n\t\t\t<div class=\"wpb_wrapper\">\n\t\t\t\t<div class=\"nectar-fancy-box using-img\" style=\"min-height: 350px\" data-style=\"hover_desc\" data-border-radius=\"default\" data-animation=\"\" data-bg-animation=\"none\" data-border=\"\" data-delay=\"\" data-alignment=\"left\" data-color=\"accent-color\" ><div class=\"box-bg\" role=\"presentation\"  data-nectar-img-src=\"https:\/\/jakalum.ma\/wp-content\/uploads\/2025\/07\/20-768x768-1.jpg\"><\/div><div class=\"inner\"><div class=\"heading-wrap\">\n<h3 class=\"vc_custom_heading vc_do_custom_heading\">Cuchilla de extrusi\u00f3n 55<\/h3>\n<\/div><div class=\"hover-content\">PERSIANAS ENROLLABLES<\/div><\/div>  <a  href=\"https:\/\/jakalum.ma\/es\/cuchilla-de-extrusion-55\/\" class=\"box-link\"><\/a> <\/div>\n\t\t\t<\/div> \n\t\t<\/div>\n\t<\/div> \n\n\t<div  class=\"vc_col-sm-3 wpb_column column_container vc_column_container col no-extra-padding inherit_tablet inherit_phone\"  data-padding-pos=\"all\" data-has-bg-color=\"false\" data-bg-color=\"\" data-bg-opacity=\"1\" data-animation=\"\" data-delay=\"0\" >\n\t\t<div class=\"vc_column-inner\" >\n\t\t\t<div class=\"wpb_wrapper\">\n\t\t\t\t<div class=\"nectar-fancy-box using-img\" style=\"min-height: 350px\" data-style=\"hover_desc\" data-border-radius=\"default\" data-animation=\"\" data-bg-animation=\"none\" data-border=\"\" data-delay=\"\" data-alignment=\"left\" data-color=\"accent-color\" ><div class=\"box-bg\" role=\"presentation\"  data-nectar-img-src=\"https:\/\/jakalum.ma\/wp-content\/uploads\/2025\/07\/29-768x768-1.jpg\"><\/div><div class=\"inner\"><div class=\"heading-wrap\">\n<h3>Cuchilla de extrusi\u00f3n 100<\/h3>\n<div class=\"wpb_text_column wpb_content_element\">\n<div class=\"wpb_wrapper\"><\/div>\n<\/div>\n<\/div><div class=\"hover-content\">PERSIANAS ENROLLABLES<\/div><\/div>  <a  href=\"https:\/\/jakalum.ma\/es\/hoja-extruida-100\/\" class=\"box-link\"><\/a> <\/div>\n\t\t\t<\/div> \n\t\t<\/div>\n\t<\/div> \n<\/div><\/div>","protected":false},"excerpt":{"rendered":"Volets Roulants Aluminium \u2013 Casablanca, Maroc\u00c0 Casablanca, les volets roulants en aluminium s\u2019imposent comme une solution moderne et efficace pour prot\u00e9ger votre habitation. Con\u00e7us pour r\u00e9sister aux intemp\u00e9ries, aux tentatives...","protected":false},"author":1,"featured_media":0,"parent":0,"menu_order":0,"comment_status":"closed","ping_status":"closed","template":"","meta":{"_monsterinsights_skip_tracking":false,"_monsterinsights_sitenote_active":false,"_monsterinsights_sitenote_note":"","_monsterinsights_sitenote_category":0,"_joinchat":[],"footnotes":""},"class_list":["post-209","page","type-page","status-publish"],"yoast_head":"<!-- This site is optimized with the Yoast SEO plugin v26.3 - https:\/\/yoast.com\/wordpress\/plugins\/seo\/ -->\n<title>Volets Roulants Aluminium Spinnelle Casablanca Maroc<\/title>\n<meta name=\"description\" content=\"Volets roulants en aluminium Spinnelle, alliant s\u00e9curit\u00e9, isolation thermique et acoustique, design moderne et durabilit\u00e9 pour vos projets r\u00e9sidentiels et professionnels.\" \/>\n<meta name=\"robots\" content=\"index, follow, max-snippet:-1, max-image-preview:large, max-video-preview:-1\" \/>\n<link rel=\"canonical\" href=\"https:\/\/jakalum.ma\/es\/persianas-enrollables\/\" \/>\n<meta property=\"og:locale\" content=\"es_ES\" \/>\n<meta property=\"og:type\" content=\"article\" \/>\n<meta property=\"og:title\" content=\"Volets Roulants Aluminium Spinnelle Casablanca Maroc\" \/>\n<meta property=\"og:description\" content=\"Volets roulants en aluminium Spinnelle, alliant s\u00e9curit\u00e9, isolation thermique et acoustique, design moderne et durabilit\u00e9 pour vos projets r\u00e9sidentiels et professionnels.\" \/>\n<meta property=\"og:url\" content=\"https:\/\/jakalum.ma\/es\/persianas-enrollables\/\" \/>\n<meta property=\"og:site_name\" content=\"JAKALUM CONCEPT\" \/>\n<meta property=\"article:modified_time\" content=\"2025-09-01T09:25:05+00:00\" \/>\n<meta name=\"twitter:card\" content=\"summary_large_image\" \/>\n<meta name=\"twitter:label1\" content=\"Tiempo de lectura\" \/>\n\t<meta name=\"twitter:data1\" content=\"2 minutos\" \/>\n<script type=\"application\/ld+json\" class=\"yoast-schema-graph\">{\"@context\":\"https:\/\/schema.org\",\"@graph\":[{\"@type\":\"WebPage\",\"@id\":\"https:\/\/jakalum.ma\/voulet-roulants\/\",\"url\":\"https:\/\/jakalum.ma\/voulet-roulants\/\",\"name\":\"Volets Roulants Aluminium Spinnelle Casablanca Maroc\",\"isPartOf\":{\"@id\":\"https:\/\/jakalum.ma\/#website\"},\"datePublished\":\"2025-07-11T10:54:45+00:00\",\"dateModified\":\"2025-09-01T09:25:05+00:00\",\"description\":\"Volets roulants en aluminium Spinnelle, alliant s\u00e9curit\u00e9, isolation thermique et acoustique, design moderne et durabilit\u00e9 pour vos projets r\u00e9sidentiels et professionnels.\",\"breadcrumb\":{\"@id\":\"https:\/\/jakalum.ma\/voulet-roulants\/#breadcrumb\"},\"inLanguage\":\"es\",\"potentialAction\":[{\"@type\":\"ReadAction\",\"target\":[\"https:\/\/jakalum.ma\/voulet-roulants\/\"]}]},{\"@type\":\"BreadcrumbList\",\"@id\":\"https:\/\/jakalum.ma\/voulet-roulants\/#breadcrumb\",\"itemListElement\":[{\"@type\":\"ListItem\",\"position\":1,\"name\":\"Home\",\"item\":\"https:\/\/jakalum.ma\/\"},{\"@type\":\"ListItem\",\"position\":2,\"name\":\"Voulet Roulants\"}]},{\"@type\":\"WebSite\",\"@id\":\"https:\/\/jakalum.ma\/#website\",\"url\":\"https:\/\/jakalum.ma\/\",\"name\":\"JAKALUM CONCEPT\",\"description\":\"\",\"publisher\":{\"@id\":\"https:\/\/jakalum.ma\/#organization\"},\"potentialAction\":[{\"@type\":\"SearchAction\",\"target\":{\"@type\":\"EntryPoint\",\"urlTemplate\":\"https:\/\/jakalum.ma\/?s={search_term_string}\"},\"query-input\":{\"@type\":\"PropertyValueSpecification\",\"valueRequired\":true,\"valueName\":\"search_term_string\"}}],\"inLanguage\":\"es\"},{\"@type\":\"Organization\",\"@id\":\"https:\/\/jakalum.ma\/#organization\",\"name\":\"JAKALUM CONCEPT\",\"url\":\"https:\/\/jakalum.ma\/\",\"logo\":{\"@type\":\"ImageObject\",\"inLanguage\":\"es\",\"@id\":\"https:\/\/jakalum.ma\/#\/schema\/logo\/image\/\",\"url\":\"https:\/\/jakalum.ma\/wp-content\/uploads\/2025\/08\/LOGO-JAKALUM.png\",\"contentUrl\":\"https:\/\/jakalum.ma\/wp-content\/uploads\/2025\/08\/LOGO-JAKALUM.png\",\"width\":1009,\"height\":353,\"caption\":\"JAKALUM CONCEPT\"},\"image\":{\"@id\":\"https:\/\/jakalum.ma\/#\/schema\/logo\/image\/\"}}]}<\/script>\n<!-- \/ Yoast SEO plugin. -->","yoast_head_json":{"title":"Spinnelle persianas enrollables de aluminio Casablanca Marruecos","description":"Persianas enrollables de aluminio Spinnelle, que combinan seguridad, aislamiento t\u00e9rmico y ac\u00fastico, dise\u00f1o moderno y durabilidad para sus proyectos residenciales y profesionales.","robots":{"index":"index","follow":"follow","max-snippet":"max-snippet:-1","max-image-preview":"max-image-preview:large","max-video-preview":"max-video-preview:-1"},"canonical":"https:\/\/jakalum.ma\/es\/persianas-enrollables\/","og_locale":"es_ES","og_type":"article","og_title":"Volets Roulants Aluminium Spinnelle Casablanca Maroc","og_description":"Volets roulants en aluminium Spinnelle, alliant s\u00e9curit\u00e9, isolation thermique et acoustique, design moderne et durabilit\u00e9 pour vos projets r\u00e9sidentiels et professionnels.","og_url":"https:\/\/jakalum.ma\/es\/persianas-enrollables\/","og_site_name":"JAKALUM CONCEPT","article_modified_time":"2025-09-01T09:25:05+00:00","twitter_card":"summary_large_image","twitter_misc":{"Tiempo de lectura":"2 minutos"},"schema":{"@context":"https:\/\/schema.org","@graph":[{"@type":"WebPage","@id":"https:\/\/jakalum.ma\/voulet-roulants\/","url":"https:\/\/jakalum.ma\/voulet-roulants\/","name":"Spinnelle persianas enrollables de aluminio Casablanca Marruecos","isPartOf":{"@id":"https:\/\/jakalum.ma\/#website"},"datePublished":"2025-07-11T10:54:45+00:00","dateModified":"2025-09-01T09:25:05+00:00","description":"Persianas enrollables de aluminio Spinnelle, que combinan seguridad, aislamiento t\u00e9rmico y ac\u00fastico, dise\u00f1o moderno y durabilidad para sus proyectos residenciales y profesionales.","breadcrumb":{"@id":"https:\/\/jakalum.ma\/voulet-roulants\/#breadcrumb"},"inLanguage":"es","potentialAction":[{"@type":"ReadAction","target":["https:\/\/jakalum.ma\/voulet-roulants\/"]}]},{"@type":"BreadcrumbList","@id":"https:\/\/jakalum.ma\/voulet-roulants\/#breadcrumb","itemListElement":[{"@type":"ListItem","position":1,"name":"Home","item":"https:\/\/jakalum.ma\/"},{"@type":"ListItem","position":2,"name":"Voulet Roulants"}]},{"@type":"WebSite","@id":"https:\/\/jakalum.ma\/#website","url":"https:\/\/jakalum.ma\/","name":"CONCEPTO JAKALUM","description":"","publisher":{"@id":"https:\/\/jakalum.ma\/#organization"},"potentialAction":[{"@type":"SearchAction","target":{"@type":"EntryPoint","urlTemplate":"https:\/\/jakalum.ma\/?s={search_term_string}"},"query-input":{"@type":"PropertyValueSpecification","valueRequired":true,"valueName":"search_term_string"}}],"inLanguage":"es"},{"@type":"Organization","@id":"https:\/\/jakalum.ma\/#organization","name":"CONCEPTO JAKALUM","url":"https:\/\/jakalum.ma\/","logo":{"@type":"ImageObject","inLanguage":"es","@id":"https:\/\/jakalum.ma\/#\/schema\/logo\/image\/","url":"https:\/\/jakalum.ma\/wp-content\/uploads\/2025\/08\/LOGO-JAKALUM.png","contentUrl":"https:\/\/jakalum.ma\/wp-content\/uploads\/2025\/08\/LOGO-JAKALUM.png","width":1009,"height":353,"caption":"JAKALUM CONCEPT"},"image":{"@id":"https:\/\/jakalum.ma\/#\/schema\/logo\/image\/"}}]}},"_links":{"self":[{"href":"https:\/\/jakalum.ma\/es\/wp-json\/wp\/v2\/pages\/209","targetHints":{"allow":["GET"]}}],"collection":[{"href":"https:\/\/jakalum.ma\/es\/wp-json\/wp\/v2\/pages"}],"about":[{"href":"https:\/\/jakalum.ma\/es\/wp-json\/wp\/v2\/types\/page"}],"author":[{"embeddable":true,"href":"https:\/\/jakalum.ma\/es\/wp-json\/wp\/v2\/users\/1"}],"replies":[{"embeddable":true,"href":"https:\/\/jakalum.ma\/es\/wp-json\/wp\/v2\/comments?post=209"}],"version-history":[{"count":5,"href":"https:\/\/jakalum.ma\/es\/wp-json\/wp\/v2\/pages\/209\/revisions"}],"predecessor-version":[{"id":732,"href":"https:\/\/jakalum.ma\/es\/wp-json\/wp\/v2\/pages\/209\/revisions\/732"}],"wp:attachment":[{"href":"https:\/\/jakalum.ma\/es\/wp-json\/wp\/v2\/media?parent=209"}],"curies":[{"name":"wp","href":"https:\/\/api.w.org\/{rel}","templated":true}]}}