{"id":137,"date":"2025-07-10T00:44:26","date_gmt":"2025-07-10T00:44:26","guid":{"rendered":"https:\/\/jakalum.ma\/?page_id=137"},"modified":"2025-09-01T09:06:26","modified_gmt":"2025-09-01T09:06:26","slug":"domo-series","status":"publish","type":"page","link":"https:\/\/jakalum.ma\/en\/domo-series\/","title":{"rendered":"DOMO series"},"content":{"rendered":"<div id=\"services\"  data-column-margin=\"20px\" data-midnight=\"dark\" data-top-percent=\"4%\" data-bottom-percent=\"4%\"  class=\"wpb_row vc_row-fluid vc_row full-width-content vc_row-o-equal-height vc_row-flex vc_row-o-content-middle\"  style=\"padding-top: calc(100vw * 0.04); padding-bottom: calc(100vw * 0.04); \"><div class=\"row-bg-wrap\" data-bg-animation=\"none\" data-bg-animation-delay=\"\" data-bg-overlay=\"false\"><div class=\"inner-wrap row-bg-layer\" ><div class=\"row-bg viewport-desktop\"  style=\"\"><\/div><\/div><\/div><div class=\"row_col_wrap_12 col span_12 dark left\">\n\t<div style=\"margin-top: 20px; margin-bottom: 20px; \" class=\"vc_col-sm-12 wpb_column column_container vc_column_container col no-extra-padding inherit_tablet inherit_phone\"  data-padding-pos=\"all\" data-has-bg-color=\"false\" data-bg-color=\"\" data-bg-opacity=\"1\" data-animation=\"\" data-delay=\"0\" >\n\t\t<div class=\"vc_column-inner\" >\n\t\t\t<div class=\"wpb_wrapper\">\n\t\t\t\t<div class=\"divider-wrap\" data-alignment=\"default\"><div style=\"height: 20px;\" class=\"divider\"><\/div><\/div>\n<div class=\"wpb_text_column wpb_content_element\" >\n\t<div class=\"wpb_wrapper\">\n\t\t<p style=\"text-align: center;\" data-start=\"63\" data-end=\"395\"><strong>The DOMO Series is an innovative range of aluminium profiles.<\/strong>, designed to meet the demands of sliding and casement joinery. Combining elegance and performance, it offers great versatility for the creation of bay windows, French windows or hinged windows.<\/p>\n<p style=\"text-align: center;\" data-start=\"397\" data-end=\"806\">DOMO sliding systems are distinguished by their smooth, silent sliding action, while the striking profiles ensure excellent airtightness and reinforced strength. Thanks to its contemporary design and top-level thermal and acoustic performance, the DOMO Series is the ideal solution for new-build and renovation projects, combining aesthetics, comfort and durability.<\/p>\n\t<\/div>\n<\/div>\n\n\n\n<div class=\"divider-wrap\" data-alignment=\"default\"><div style=\"height: 20px;\" class=\"divider\"><\/div><\/div>\n\t\t\t<\/div> \n\t\t<\/div>\n\t<\/div> \n\n\t<div  class=\"vc_col-sm-3 wpb_column column_container vc_column_container col has-animation no-extra-padding inherit_tablet inherit_phone\"  data-padding-pos=\"all\" data-has-bg-color=\"false\" data-bg-color=\"\" data-bg-opacity=\"1\" data-animation=\"reveal-from-bottom\" data-delay=\"0\" >\n\t\t<div class=\"vc_column-inner\" >\n\t\t\t<div class=\"wpb_wrapper\">\n\t\t\t\t<div class=\"nectar-fancy-box using-img\" style=\"min-height: 350px\" data-style=\"hover_desc\" data-border-radius=\"default\" data-animation=\"\" data-bg-animation=\"none\" data-border=\"\" data-delay=\"\" data-alignment=\"left\" data-color=\"accent-color\" ><div class=\"box-bg\" role=\"presentation\"  data-nectar-img-src=\"https:\/\/jakalum.ma\/wp-content\/uploads\/2025\/07\/3D125RT-768x768-1.jpg\"><\/div><div class=\"inner\"><div class=\"heading-wrap\">\n<h3 class=\"vc_custom_heading vc_do_custom_heading\">125 RT to Lifting<\/h3>\n<\/div><div class=\"hover-content\">DOMO COULISSE<\/div><\/div>  <a  href=\"https:\/\/jakalum.ma\/en\/125-rt-a-levage\/\" class=\"box-link\"><\/a> <\/div>\n\t\t\t<\/div> \n\t\t<\/div>\n\t<\/div> \n\n\t<div  class=\"vc_col-sm-3 wpb_column column_container vc_column_container col no-extra-padding inherit_tablet inherit_phone\"  data-padding-pos=\"all\" data-has-bg-color=\"false\" data-bg-color=\"\" data-bg-opacity=\"1\" data-animation=\"\" data-delay=\"0\" >\n\t\t<div class=\"vc_column-inner\" >\n\t\t\t<div class=\"wpb_wrapper\">\n\t\t\t\t<div class=\"nectar-fancy-box using-img\" style=\"min-height: 350px\" data-style=\"hover_desc\" data-border-radius=\"default\" data-animation=\"\" data-bg-animation=\"none\" data-border=\"\" data-delay=\"\" data-alignment=\"left\" data-color=\"accent-color\" ><div class=\"box-bg\" role=\"presentation\"  data-nectar-img-src=\"https:\/\/jakalum.ma\/wp-content\/uploads\/2025\/07\/85RT-3D-768x768-1-1.jpg\"><\/div><div class=\"inner\"><div class=\"heading-wrap\">\n<h3 class=\"vc_custom_heading vc_do_custom_heading\">85 RT<\/h3>\n<\/div><div class=\"hover-content\">DOMO COULISSE<\/div><\/div>  <a  href=\"https:\/\/jakalum.ma\/en\/85-rt-thermal-break\/\" class=\"box-link\"><\/a> <\/div>\n\t\t\t<\/div> \n\t\t<\/div>\n\t<\/div> \n\n\t<div  class=\"vc_col-sm-3 wpb_column column_container vc_column_container col no-extra-padding inherit_tablet inherit_phone\"  data-padding-pos=\"all\" data-has-bg-color=\"false\" data-bg-color=\"\" data-bg-opacity=\"1\" data-animation=\"\" data-delay=\"0\" >\n\t\t<div class=\"vc_column-inner\" >\n\t\t\t<div class=\"wpb_wrapper\">\n\t\t\t\t<div class=\"nectar-fancy-box using-img\" style=\"min-height: 350px\" data-style=\"hover_desc\" data-border-radius=\"default\" data-animation=\"\" data-bg-animation=\"none\" data-border=\"\" data-delay=\"\" data-alignment=\"left\" data-color=\"accent-color\" ><div class=\"box-bg\" role=\"presentation\"  data-nectar-img-src=\"https:\/\/jakalum.ma\/wp-content\/uploads\/2025\/07\/3D-60-RT-1-768x768-1.jpg\"><\/div><div class=\"inner\"><div class=\"heading-wrap\">\n<h3 class=\"ult-spacer spacer-686f10088cc33\" data-id=\"686f10088cc33\" data-height=\"20\" data-height-mobile=\"20\" data-height-tab=\"20\">60 RT<\/h3>\n<\/div><div class=\"hover-content\">DOMO FRAPPE<\/div><\/div>  <a  href=\"https:\/\/jakalum.ma\/en\/60-rt-thermal-break\/\" class=\"box-link\"><\/a> <\/div>\n\t\t\t<\/div> \n\t\t<\/div>\n\t<\/div> \n\n\t<div  class=\"vc_col-sm-3 wpb_column column_container vc_column_container col no-extra-padding inherit_tablet inherit_phone\"  data-padding-pos=\"all\" data-has-bg-color=\"false\" data-bg-color=\"\" data-bg-opacity=\"1\" data-animation=\"\" data-delay=\"0\" >\n\t\t<div class=\"vc_column-inner\" >\n\t\t\t<div class=\"wpb_wrapper\">\n\t\t\t\t<div class=\"nectar-fancy-box using-img\" style=\"min-height: 350px\" data-style=\"hover_desc\" data-border-radius=\"default\" data-animation=\"\" data-bg-animation=\"none\" data-border=\"\" data-delay=\"\" data-alignment=\"left\" data-color=\"accent-color\" ><div class=\"box-bg\" role=\"presentation\"  data-nectar-img-src=\"https:\/\/jakalum.ma\/wp-content\/uploads\/2025\/07\/3D-50PORTESLOURDE-768x768-1.jpg\"><\/div><div class=\"inner\"><div class=\"heading-wrap\">\n<h3>Heavy door 50<\/h3>\n<div class=\"wpb_text_column wpb_content_element\">\n<div class=\"wpb_wrapper\"><\/div>\n<\/div>\n<\/div><div class=\"hover-content\">DOMO HEAVY DOOR<br \/>\n<\/div><\/div>  <a  href=\"https:\/\/jakalum.ma\/en\/heavy-door-50\/\" class=\"box-link\"><\/a> <\/div>\n\t\t\t<\/div> \n\t\t<\/div>\n\t<\/div> \n<\/div><\/div>","protected":false},"excerpt":{"rendered":"La S\u00e9rie DOMO est une gamme innovante de profil\u00e9s en aluminium, pens\u00e9e pour r\u00e9pondre aux exigences des menuiseries coulissantes et \u00e0 frappe. Alliant \u00e9l\u00e9gance et performance, elle offre une grande...","protected":false},"author":1,"featured_media":0,"parent":0,"menu_order":0,"comment_status":"closed","ping_status":"closed","template":"","meta":{"_monsterinsights_skip_tracking":false,"_monsterinsights_sitenote_active":false,"_monsterinsights_sitenote_note":"","_monsterinsights_sitenote_category":0,"_joinchat":[],"footnotes":""},"class_list":["post-137","page","type-page","status-publish"],"yoast_head":"<!-- This site is optimized with the Yoast SEO plugin v26.3 - https:\/\/yoast.com\/wordpress\/plugins\/seo\/ -->\n<title>S\u00e9rie DOMO Aluminium Casablanca Maroc<\/title>\n<meta name=\"description\" content=\"D\u00e9couvrez la S\u00e9rie DOMO \u00e0 Casablanca Maroc avec Jakalum Concept. Solutions de menuiserie aluminium modernes, durables et performantes.\" \/>\n<meta name=\"robots\" content=\"index, follow, max-snippet:-1, max-image-preview:large, max-video-preview:-1\" \/>\n<link rel=\"canonical\" href=\"https:\/\/jakalum.ma\/en\/domo-series\/\" \/>\n<meta property=\"og:locale\" content=\"en_US\" \/>\n<meta property=\"og:type\" content=\"article\" \/>\n<meta property=\"og:title\" content=\"S\u00e9rie DOMO Aluminium Casablanca Maroc\" \/>\n<meta property=\"og:description\" content=\"D\u00e9couvrez la S\u00e9rie DOMO \u00e0 Casablanca Maroc avec Jakalum Concept. Solutions de menuiserie aluminium modernes, durables et performantes.\" \/>\n<meta property=\"og:url\" content=\"https:\/\/jakalum.ma\/en\/domo-series\/\" \/>\n<meta property=\"og:site_name\" content=\"JAKALUM CONCEPT\" \/>\n<meta property=\"article:modified_time\" content=\"2025-09-01T09:06:26+00:00\" \/>\n<meta name=\"twitter:card\" content=\"summary_large_image\" \/>\n<meta name=\"twitter:label1\" content=\"Est. reading time\" \/>\n\t<meta name=\"twitter:data1\" content=\"2 minutes\" \/>\n<script type=\"application\/ld+json\" class=\"yoast-schema-graph\">{\"@context\":\"https:\/\/schema.org\",\"@graph\":[{\"@type\":\"WebPage\",\"@id\":\"https:\/\/jakalum.ma\/serie-domo\/\",\"url\":\"https:\/\/jakalum.ma\/serie-domo\/\",\"name\":\"S\u00e9rie DOMO Aluminium Casablanca Maroc\",\"isPartOf\":{\"@id\":\"https:\/\/jakalum.ma\/#website\"},\"datePublished\":\"2025-07-10T00:44:26+00:00\",\"dateModified\":\"2025-09-01T09:06:26+00:00\",\"description\":\"D\u00e9couvrez la S\u00e9rie DOMO \u00e0 Casablanca Maroc avec Jakalum Concept. Solutions de menuiserie aluminium modernes, durables et performantes.\",\"breadcrumb\":{\"@id\":\"https:\/\/jakalum.ma\/serie-domo\/#breadcrumb\"},\"inLanguage\":\"en-US\",\"potentialAction\":[{\"@type\":\"ReadAction\",\"target\":[\"https:\/\/jakalum.ma\/serie-domo\/\"]}]},{\"@type\":\"BreadcrumbList\",\"@id\":\"https:\/\/jakalum.ma\/serie-domo\/#breadcrumb\",\"itemListElement\":[{\"@type\":\"ListItem\",\"position\":1,\"name\":\"Home\",\"item\":\"https:\/\/jakalum.ma\/\"},{\"@type\":\"ListItem\",\"position\":2,\"name\":\"S\u00e9rie DOMO\"}]},{\"@type\":\"WebSite\",\"@id\":\"https:\/\/jakalum.ma\/#website\",\"url\":\"https:\/\/jakalum.ma\/\",\"name\":\"JAKALUM CONCEPT\",\"description\":\"\",\"publisher\":{\"@id\":\"https:\/\/jakalum.ma\/#organization\"},\"potentialAction\":[{\"@type\":\"SearchAction\",\"target\":{\"@type\":\"EntryPoint\",\"urlTemplate\":\"https:\/\/jakalum.ma\/?s={search_term_string}\"},\"query-input\":{\"@type\":\"PropertyValueSpecification\",\"valueRequired\":true,\"valueName\":\"search_term_string\"}}],\"inLanguage\":\"en-US\"},{\"@type\":\"Organization\",\"@id\":\"https:\/\/jakalum.ma\/#organization\",\"name\":\"JAKALUM CONCEPT\",\"url\":\"https:\/\/jakalum.ma\/\",\"logo\":{\"@type\":\"ImageObject\",\"inLanguage\":\"en-US\",\"@id\":\"https:\/\/jakalum.ma\/#\/schema\/logo\/image\/\",\"url\":\"https:\/\/jakalum.ma\/wp-content\/uploads\/2025\/08\/LOGO-JAKALUM.png\",\"contentUrl\":\"https:\/\/jakalum.ma\/wp-content\/uploads\/2025\/08\/LOGO-JAKALUM.png\",\"width\":1009,\"height\":353,\"caption\":\"JAKALUM CONCEPT\"},\"image\":{\"@id\":\"https:\/\/jakalum.ma\/#\/schema\/logo\/image\/\"}}]}<\/script>\n<!-- \/ Yoast SEO plugin. -->","yoast_head_json":{"title":"DOMO Aluminium Series Casablanca Morocco","description":"Discover the DOMO Series in Casablanca Morocco with Jakalum Concept. Modern, durable and high-performance aluminum joinery solutions.","robots":{"index":"index","follow":"follow","max-snippet":"max-snippet:-1","max-image-preview":"max-image-preview:large","max-video-preview":"max-video-preview:-1"},"canonical":"https:\/\/jakalum.ma\/en\/domo-series\/","og_locale":"en_US","og_type":"article","og_title":"S\u00e9rie DOMO Aluminium Casablanca Maroc","og_description":"D\u00e9couvrez la S\u00e9rie DOMO \u00e0 Casablanca Maroc avec Jakalum Concept. Solutions de menuiserie aluminium modernes, durables et performantes.","og_url":"https:\/\/jakalum.ma\/en\/domo-series\/","og_site_name":"JAKALUM CONCEPT","article_modified_time":"2025-09-01T09:06:26+00:00","twitter_card":"summary_large_image","twitter_misc":{"Est. reading time":"2 minutes"},"schema":{"@context":"https:\/\/schema.org","@graph":[{"@type":"WebPage","@id":"https:\/\/jakalum.ma\/serie-domo\/","url":"https:\/\/jakalum.ma\/serie-domo\/","name":"DOMO Aluminium Series Casablanca Morocco","isPartOf":{"@id":"https:\/\/jakalum.ma\/#website"},"datePublished":"2025-07-10T00:44:26+00:00","dateModified":"2025-09-01T09:06:26+00:00","description":"Discover the DOMO Series in Casablanca Morocco with Jakalum Concept. Modern, durable and high-performance aluminum joinery solutions.","breadcrumb":{"@id":"https:\/\/jakalum.ma\/serie-domo\/#breadcrumb"},"inLanguage":"en-US","potentialAction":[{"@type":"ReadAction","target":["https:\/\/jakalum.ma\/serie-domo\/"]}]},{"@type":"BreadcrumbList","@id":"https:\/\/jakalum.ma\/serie-domo\/#breadcrumb","itemListElement":[{"@type":"ListItem","position":1,"name":"Home","item":"https:\/\/jakalum.ma\/"},{"@type":"ListItem","position":2,"name":"S\u00e9rie DOMO"}]},{"@type":"WebSite","@id":"https:\/\/jakalum.ma\/#website","url":"https:\/\/jakalum.ma\/","name":"JAKALUM CONCEPT","description":"","publisher":{"@id":"https:\/\/jakalum.ma\/#organization"},"potentialAction":[{"@type":"SearchAction","target":{"@type":"EntryPoint","urlTemplate":"https:\/\/jakalum.ma\/?s={search_term_string}"},"query-input":{"@type":"PropertyValueSpecification","valueRequired":true,"valueName":"search_term_string"}}],"inLanguage":"en-US"},{"@type":"Organization","@id":"https:\/\/jakalum.ma\/#organization","name":"JAKALUM CONCEPT","url":"https:\/\/jakalum.ma\/","logo":{"@type":"ImageObject","inLanguage":"en-US","@id":"https:\/\/jakalum.ma\/#\/schema\/logo\/image\/","url":"https:\/\/jakalum.ma\/wp-content\/uploads\/2025\/08\/LOGO-JAKALUM.png","contentUrl":"https:\/\/jakalum.ma\/wp-content\/uploads\/2025\/08\/LOGO-JAKALUM.png","width":1009,"height":353,"caption":"JAKALUM CONCEPT"},"image":{"@id":"https:\/\/jakalum.ma\/#\/schema\/logo\/image\/"}}]}},"_links":{"self":[{"href":"https:\/\/jakalum.ma\/en\/wp-json\/wp\/v2\/pages\/137","targetHints":{"allow":["GET"]}}],"collection":[{"href":"https:\/\/jakalum.ma\/en\/wp-json\/wp\/v2\/pages"}],"about":[{"href":"https:\/\/jakalum.ma\/en\/wp-json\/wp\/v2\/types\/page"}],"author":[{"embeddable":true,"href":"https:\/\/jakalum.ma\/en\/wp-json\/wp\/v2\/users\/1"}],"replies":[{"embeddable":true,"href":"https:\/\/jakalum.ma\/en\/wp-json\/wp\/v2\/comments?post=137"}],"version-history":[{"count":6,"href":"https:\/\/jakalum.ma\/en\/wp-json\/wp\/v2\/pages\/137\/revisions"}],"predecessor-version":[{"id":208,"href":"https:\/\/jakalum.ma\/en\/wp-json\/wp\/v2\/pages\/137\/revisions\/208"}],"wp:attachment":[{"href":"https:\/\/jakalum.ma\/en\/wp-json\/wp\/v2\/media?parent=137"}],"curies":[{"name":"wp","href":"https:\/\/api.w.org\/{rel}","templated":true}]}}