{"id":133,"date":"2025-07-10T00:42:50","date_gmt":"2025-07-10T00:42:50","guid":{"rendered":"https:\/\/jakalum.ma\/?page_id=133"},"modified":"2025-09-22T16:29:28","modified_gmt":"2025-09-22T16:29:28","slug":"motor-cane","status":"publish","type":"page","link":"https:\/\/jakalum.ma\/en\/motor-cane\/","title":{"rendered":"Cane Motor"},"content":{"rendered":"<div id=\"fws_69ecfc9cec56f\"  data-column-margin=\"default\" data-midnight=\"dark\"  class=\"wpb_row vc_row-fluid vc_row vc_row-o-equal-height vc_row-flex vc_row-o-content-middle\"  style=\"padding-top: 0px; padding-bottom: 0px; \"><div class=\"row-bg-wrap\" data-bg-animation=\"none\" data-bg-animation-delay=\"\" data-bg-overlay=\"false\"><div class=\"inner-wrap row-bg-layer\" ><div class=\"row-bg viewport-desktop\"  style=\"\"><\/div><\/div><\/div><div class=\"row_col_wrap_12 col span_12 dark center\">\n\t<div  class=\"vc_col-sm-6 wpb_column column_container vc_column_container col nectar-sticky-column no-extra-padding inherit_tablet inherit_phone\"  data-padding-pos=\"all\" data-has-bg-color=\"false\" data-bg-color=\"\" data-bg-opacity=\"1\" data-animation=\"\" data-delay=\"0\" >\n\t\t<div class=\"vc_column-inner\" >\n\t\t\t<div class=\"wpb_wrapper\">\n\t\t\t\t\n\t<div class=\"wpb_gallery wpb_content_element clearfix\">\n\t\t<div class=\"wpb_wrapper\"><div class=\"wpb_gallery_slidesflickity_static_height_style\" data-onclick=\"link_no\" data-interval=\"5\"><style>.wpb_gallery_slidesflickity_static_height_style .nectar-flickity.instace-69ecfc9cecc46:not(.masonry) .flickity-slider .cell img {\n      height: 500px;\n    }\n    @media only screen and (max-width: 1300px) {\n      .wpb_gallery_slidesflickity_static_height_style .nectar-flickity.instace-69ecfc9cecc46:not(.masonry) .flickity-slider .cell img {\n        height: 400px;\n      }\n    }\n    @media only screen and (max-width: 1000px) {\n      .wpb_gallery_slidesflickity_static_height_style .nectar-flickity.instace-69ecfc9cecc46:not(.masonry) .flickity-slider .cell img {\n        height: 350px;\n      }\n    }\n    @media only screen and (max-width: 690px) {\n      .wpb_gallery_slidesflickity_static_height_style .nectar-flickity.instace-69ecfc9cecc46:not(.masonry) .flickity-slider .cell img {\n        height: 300px;\n      }\n    }<\/style><div class=\"nectar-flickity not-initialized instace-69ecfc9cecc46\"  data-touch-icon-color=\"default\" data-drag-scale=\"\" data-overflow=\"hidden\" data-wrap=\"no-wrap\" data-spacing=\"default\" data-shadow=\"none\" data-autoplay=\"\" data-autoplay-dur=\"\" data-free-scroll=\"\" data-controls=\"next_prev_arrows_overlaid\"><div class=\"flickity-viewport\"> <div class=\"flickity-slider\"><div class=\"cell\" data-lazy=\"false\"><img loading=\"lazy\" decoding=\"async\" width=\"1024\" height=\"1024\" src=\"https:\/\/jakalum.ma\/wp-content\/uploads\/2025\/07\/Protegez-votre-maison-en-votre-absesnce-1024x1024.jpg\" class=\"skip-lazy nectar-lazy attachment-large\" alt=\"\" title=\"Protect your home in your absence\" srcset=\"https:\/\/jakalum.ma\/wp-content\/uploads\/2025\/07\/Protegez-votre-maison-en-votre-absesnce-1024x1024.jpg 1024w, https:\/\/jakalum.ma\/wp-content\/uploads\/2025\/07\/Protegez-votre-maison-en-votre-absesnce-300x300.jpg 300w, https:\/\/jakalum.ma\/wp-content\/uploads\/2025\/07\/Protegez-votre-maison-en-votre-absesnce-150x150.jpg 150w, https:\/\/jakalum.ma\/wp-content\/uploads\/2025\/07\/Protegez-votre-maison-en-votre-absesnce-768x768.jpg 768w, https:\/\/jakalum.ma\/wp-content\/uploads\/2025\/07\/Protegez-votre-maison-en-votre-absesnce-140x140.jpg 140w, https:\/\/jakalum.ma\/wp-content\/uploads\/2025\/07\/Protegez-votre-maison-en-votre-absesnce-100x100.jpg 100w, https:\/\/jakalum.ma\/wp-content\/uploads\/2025\/07\/Protegez-votre-maison-en-votre-absesnce-500x500.jpg 500w, https:\/\/jakalum.ma\/wp-content\/uploads\/2025\/07\/Protegez-votre-maison-en-votre-absesnce-350x350.jpg 350w, https:\/\/jakalum.ma\/wp-content\/uploads\/2025\/07\/Protegez-votre-maison-en-votre-absesnce-1000x1000.jpg 1000w, https:\/\/jakalum.ma\/wp-content\/uploads\/2025\/07\/Protegez-votre-maison-en-votre-absesnce-800x800.jpg 800w, https:\/\/jakalum.ma\/wp-content\/uploads\/2025\/07\/Protegez-votre-maison-en-votre-absesnce.jpg 1080w\" sizes=\"auto, (max-width: 1024px) 100vw, 1024px\" \/><\/div><\/div><\/div><\/div><\/div>\n\t\t<\/div> \n\t<\/div> \n\t\t\t<\/div> \n\t\t<\/div>\n\t<\/div> \n\n\t<div  class=\"vc_col-sm-6 wpb_column column_container vc_column_container col no-extra-padding inherit_tablet inherit_phone\"  data-padding-pos=\"all\" data-has-bg-color=\"false\" data-bg-color=\"\" data-bg-opacity=\"1\" data-animation=\"\" data-delay=\"0\" >\n\t\t<div class=\"vc_column-inner\" >\n\t\t\t<div class=\"wpb_wrapper\">\n\t\t\t\t\n<div class=\"wpb_text_column wpb_content_element\" >\n\t<div class=\"wpb_wrapper\">\n\t\t<div class=\"wpb_text_column wpb_content_element\">\n<div class=\"wpb_wrapper\">\n<h3>Cane Motor<\/h3>\n<div class=\"wpb_text_column wpb_content_element\">\n<div class=\"wpb_wrapper\"><\/div>\n<\/div>\n<div class=\"wpb_text_column wpb_content_element\">\n<div class=\"wpb_wrapper\"><strong data-start=\"77\" data-end=\"92\">Cane Motor<\/strong> is a motorized solution designed to automate your roller shutters efficiently and reliably. Its high-performance mechanism ensures smooth, silent operation and long life. Easy to install, <strong data-start=\"340\" data-end=\"355\">Cane Motor<\/strong> integrates seamlessly into existing systems, offering everyday convenience and enhanced security for your home or business premises.<\/div>\n<\/div>\n<\/div>\n<\/div>\n\t<\/div>\n<\/div>\n\n\n\n<a class=\"nectar-button large regular accent-color has-icon  regular-button\"  role=\"button\" style=\"\"  href=\"https:\/\/jakalum.ma\/wp-content\/uploads\/2025\/09\/FICHE-TECHNIQUE-MOTEUR-CANE-JK.pdf\" data-color-override=\"false\" data-hover-color-override=\"false\" data-hover-text-color-override=\"#fff\"><span>Download Data Sheet<\/span><i  class=\"fa fa-download\"><\/i><\/a><div class=\"divider-wrap\" data-alignment=\"default\"><div style=\"height: 20px;\" class=\"divider\"><\/div><\/div><a class=\"nectar-button large regular accent-color has-icon  regular-button\"  role=\"button\" style=\"\"  href=\"https:\/\/jakalum.ma\/wp-content\/uploads\/2025\/09\/BROCHURE-MOTEUR-CANE-JK.pdf\" data-color-override=\"false\" data-hover-color-override=\"false\" data-hover-text-color-override=\"#fff\"><span>Download brochure<\/span><i  class=\"fa fa-download\"><\/i><\/a>\n\t\t\t<\/div> \n\t\t<\/div>\n\t<\/div> \n<\/div><\/div>","protected":false},"excerpt":{"rendered":"Cane Moteur Cane Moteur est une solution motoris\u00e9e con\u00e7ue pour automatiser vos volets roulants avec efficacit\u00e9 et fiabilit\u00e9. Gr\u00e2ce \u00e0 son m\u00e9canisme performant, il permet une manipulation fluide et silencieuse,...","protected":false},"author":1,"featured_media":0,"parent":0,"menu_order":0,"comment_status":"closed","ping_status":"closed","template":"","meta":{"_monsterinsights_skip_tracking":false,"_monsterinsights_sitenote_active":false,"_monsterinsights_sitenote_note":"","_monsterinsights_sitenote_category":0,"_joinchat":[],"footnotes":""},"class_list":["post-133","page","type-page","status-publish"],"yoast_head":"<!-- This site is optimized with the Yoast SEO plugin v26.3 - https:\/\/yoast.com\/wordpress\/plugins\/seo\/ -->\n<title>Cane Moteur pour Volets Roulants Casablanca Maroc<\/title>\n<meta name=\"description\" content=\"Cane Moteur pour volets roulants, garantissant performance, fiabilit\u00e9 et durabilit\u00e9. Solution id\u00e9ale pour motoriser et automatiser vos volets roulants r\u00e9sidentiels et professionnels.\" \/>\n<meta name=\"robots\" content=\"index, follow, max-snippet:-1, max-image-preview:large, max-video-preview:-1\" \/>\n<link rel=\"canonical\" href=\"https:\/\/jakalum.ma\/en\/motor-cane\/\" \/>\n<meta property=\"og:locale\" content=\"en_US\" \/>\n<meta property=\"og:type\" content=\"article\" \/>\n<meta property=\"og:title\" content=\"Cane Moteur pour Volets Roulants Casablanca Maroc\" \/>\n<meta property=\"og:description\" content=\"Cane Moteur pour volets roulants, garantissant performance, fiabilit\u00e9 et durabilit\u00e9. Solution id\u00e9ale pour motoriser et automatiser vos volets roulants r\u00e9sidentiels et professionnels.\" \/>\n<meta property=\"og:url\" content=\"https:\/\/jakalum.ma\/en\/motor-cane\/\" \/>\n<meta property=\"og:site_name\" content=\"JAKALUM CONCEPT\" \/>\n<meta property=\"article:modified_time\" content=\"2025-09-22T16:29:28+00:00\" \/>\n<meta name=\"twitter:card\" content=\"summary_large_image\" \/>\n<meta name=\"twitter:label1\" content=\"Est. reading time\" \/>\n\t<meta name=\"twitter:data1\" content=\"1 minute\" \/>\n<script type=\"application\/ld+json\" class=\"yoast-schema-graph\">{\"@context\":\"https:\/\/schema.org\",\"@graph\":[{\"@type\":\"WebPage\",\"@id\":\"https:\/\/jakalum.ma\/cane-moteur\/\",\"url\":\"https:\/\/jakalum.ma\/cane-moteur\/\",\"name\":\"Cane Moteur pour Volets Roulants Casablanca Maroc\",\"isPartOf\":{\"@id\":\"https:\/\/jakalum.ma\/#website\"},\"datePublished\":\"2025-07-10T00:42:50+00:00\",\"dateModified\":\"2025-09-22T16:29:28+00:00\",\"description\":\"Cane Moteur pour volets roulants, garantissant performance, fiabilit\u00e9 et durabilit\u00e9. Solution id\u00e9ale pour motoriser et automatiser vos volets roulants r\u00e9sidentiels et professionnels.\",\"breadcrumb\":{\"@id\":\"https:\/\/jakalum.ma\/cane-moteur\/#breadcrumb\"},\"inLanguage\":\"en-US\",\"potentialAction\":[{\"@type\":\"ReadAction\",\"target\":[\"https:\/\/jakalum.ma\/cane-moteur\/\"]}]},{\"@type\":\"BreadcrumbList\",\"@id\":\"https:\/\/jakalum.ma\/cane-moteur\/#breadcrumb\",\"itemListElement\":[{\"@type\":\"ListItem\",\"position\":1,\"name\":\"Home\",\"item\":\"https:\/\/jakalum.ma\/\"},{\"@type\":\"ListItem\",\"position\":2,\"name\":\"Cane Moteur\"}]},{\"@type\":\"WebSite\",\"@id\":\"https:\/\/jakalum.ma\/#website\",\"url\":\"https:\/\/jakalum.ma\/\",\"name\":\"JAKALUM CONCEPT\",\"description\":\"\",\"publisher\":{\"@id\":\"https:\/\/jakalum.ma\/#organization\"},\"potentialAction\":[{\"@type\":\"SearchAction\",\"target\":{\"@type\":\"EntryPoint\",\"urlTemplate\":\"https:\/\/jakalum.ma\/?s={search_term_string}\"},\"query-input\":{\"@type\":\"PropertyValueSpecification\",\"valueRequired\":true,\"valueName\":\"search_term_string\"}}],\"inLanguage\":\"en-US\"},{\"@type\":\"Organization\",\"@id\":\"https:\/\/jakalum.ma\/#organization\",\"name\":\"JAKALUM CONCEPT\",\"url\":\"https:\/\/jakalum.ma\/\",\"logo\":{\"@type\":\"ImageObject\",\"inLanguage\":\"en-US\",\"@id\":\"https:\/\/jakalum.ma\/#\/schema\/logo\/image\/\",\"url\":\"https:\/\/jakalum.ma\/wp-content\/uploads\/2025\/08\/LOGO-JAKALUM.png\",\"contentUrl\":\"https:\/\/jakalum.ma\/wp-content\/uploads\/2025\/08\/LOGO-JAKALUM.png\",\"width\":1009,\"height\":353,\"caption\":\"JAKALUM CONCEPT\"},\"image\":{\"@id\":\"https:\/\/jakalum.ma\/#\/schema\/logo\/image\/\"}}]}<\/script>\n<!-- \/ Yoast SEO plugin. -->","yoast_head_json":{"title":"Cane Motor for Roller Shutters Casablanca Morocco","description":"Cane Roller shutter motor, guaranteeing performance, reliability and durability. Ideal for motorizing and automating your residential and commercial roller shutters.","robots":{"index":"index","follow":"follow","max-snippet":"max-snippet:-1","max-image-preview":"max-image-preview:large","max-video-preview":"max-video-preview:-1"},"canonical":"https:\/\/jakalum.ma\/en\/motor-cane\/","og_locale":"en_US","og_type":"article","og_title":"Cane Moteur pour Volets Roulants Casablanca Maroc","og_description":"Cane Moteur pour volets roulants, garantissant performance, fiabilit\u00e9 et durabilit\u00e9. Solution id\u00e9ale pour motoriser et automatiser vos volets roulants r\u00e9sidentiels et professionnels.","og_url":"https:\/\/jakalum.ma\/en\/motor-cane\/","og_site_name":"JAKALUM CONCEPT","article_modified_time":"2025-09-22T16:29:28+00:00","twitter_card":"summary_large_image","twitter_misc":{"Est. reading time":"1 minute"},"schema":{"@context":"https:\/\/schema.org","@graph":[{"@type":"WebPage","@id":"https:\/\/jakalum.ma\/cane-moteur\/","url":"https:\/\/jakalum.ma\/cane-moteur\/","name":"Cane Motor for Roller Shutters Casablanca Morocco","isPartOf":{"@id":"https:\/\/jakalum.ma\/#website"},"datePublished":"2025-07-10T00:42:50+00:00","dateModified":"2025-09-22T16:29:28+00:00","description":"Cane Roller shutter motor, guaranteeing performance, reliability and durability. Ideal for motorizing and automating your residential and commercial roller shutters.","breadcrumb":{"@id":"https:\/\/jakalum.ma\/cane-moteur\/#breadcrumb"},"inLanguage":"en-US","potentialAction":[{"@type":"ReadAction","target":["https:\/\/jakalum.ma\/cane-moteur\/"]}]},{"@type":"BreadcrumbList","@id":"https:\/\/jakalum.ma\/cane-moteur\/#breadcrumb","itemListElement":[{"@type":"ListItem","position":1,"name":"Home","item":"https:\/\/jakalum.ma\/"},{"@type":"ListItem","position":2,"name":"Cane Moteur"}]},{"@type":"WebSite","@id":"https:\/\/jakalum.ma\/#website","url":"https:\/\/jakalum.ma\/","name":"JAKALUM CONCEPT","description":"","publisher":{"@id":"https:\/\/jakalum.ma\/#organization"},"potentialAction":[{"@type":"SearchAction","target":{"@type":"EntryPoint","urlTemplate":"https:\/\/jakalum.ma\/?s={search_term_string}"},"query-input":{"@type":"PropertyValueSpecification","valueRequired":true,"valueName":"search_term_string"}}],"inLanguage":"en-US"},{"@type":"Organization","@id":"https:\/\/jakalum.ma\/#organization","name":"JAKALUM CONCEPT","url":"https:\/\/jakalum.ma\/","logo":{"@type":"ImageObject","inLanguage":"en-US","@id":"https:\/\/jakalum.ma\/#\/schema\/logo\/image\/","url":"https:\/\/jakalum.ma\/wp-content\/uploads\/2025\/08\/LOGO-JAKALUM.png","contentUrl":"https:\/\/jakalum.ma\/wp-content\/uploads\/2025\/08\/LOGO-JAKALUM.png","width":1009,"height":353,"caption":"JAKALUM CONCEPT"},"image":{"@id":"https:\/\/jakalum.ma\/#\/schema\/logo\/image\/"}}]}},"_links":{"self":[{"href":"https:\/\/jakalum.ma\/en\/wp-json\/wp\/v2\/pages\/133","targetHints":{"allow":["GET"]}}],"collection":[{"href":"https:\/\/jakalum.ma\/en\/wp-json\/wp\/v2\/pages"}],"about":[{"href":"https:\/\/jakalum.ma\/en\/wp-json\/wp\/v2\/types\/page"}],"author":[{"embeddable":true,"href":"https:\/\/jakalum.ma\/en\/wp-json\/wp\/v2\/users\/1"}],"replies":[{"embeddable":true,"href":"https:\/\/jakalum.ma\/en\/wp-json\/wp\/v2\/comments?post=133"}],"version-history":[{"count":3,"href":"https:\/\/jakalum.ma\/en\/wp-json\/wp\/v2\/pages\/133\/revisions"}],"predecessor-version":[{"id":864,"href":"https:\/\/jakalum.ma\/en\/wp-json\/wp\/v2\/pages\/133\/revisions\/864"}],"wp:attachment":[{"href":"https:\/\/jakalum.ma\/en\/wp-json\/wp\/v2\/media?parent=133"}],"curies":[{"name":"wp","href":"https:\/\/api.w.org\/{rel}","templated":true}]}}